{"id":8,"date":"2017-07-11T20:56:35","date_gmt":"2017-07-11T18:56:35","guid":{"rendered":"http:\/\/industrialai.nl\/?page_id=8"},"modified":"2017-07-11T21:43:39","modified_gmt":"2017-07-11T19:43:39","slug":"wat-is-industrial-artificial-intelligence","status":"publish","type":"page","link":"https:\/\/industrialai.nl\/index.php\/wat-is-industrial-artificial-intelligence\/","title":{"rendered":"Wat is Industrial Artificial Intelligence?"},"content":{"rendered":"<p>Industri\u00eble kunstmatige intelligentie, of industri\u00eble AI, verwijst naar de toepassing van kunstmatige intelligentie aan de productie industrie. Industri\u00eble artificial intelligence houdt zich bezig met het aanpakken van industri\u00eble pijnpunten voor productiviteitsverbetering en inzicht in de productie.<\/p>\n<p>Het concept van kunstmatige intelligentie is ontstaan rond de jaren veertig met het idee om productiviteit te verbeteren en door middel van slimme analyses en modellering. De afgelopen jaren is de populariteit voor industri\u00eble kunstmatige intelligentie gestegen door:<\/p>\n<ul>\n<li>Meer betaalbare sensoren<\/li>\n<li>Geautomatiseerde system voor data collectie<\/li>\n<li>Krachtige rekenkracht van computers<\/li>\n<li>Snelle netwerken<\/li>\n<li>Toegankelijke cloud diensten<\/li>\n<\/ul>\n<p>Industrial Artificial Intelligence draagt bij aan het optimaliseren van dienstverlening, procesverbeteringen en het verkrijgen van inzicht.<\/p>\n","protected":false},"excerpt":{"rendered":"<p>Industri\u00eble kunstmatige intelligentie, of industri\u00eble AI, verwijst naar de toepassing van kunstmatige intelligentie aan de productie industrie. Industri\u00eble artificial intelligence houdt zich bezig met het aanpakken van industri\u00eble pijnpunten voor &#8230;<\/p>\n","protected":false},"author":1,"featured_media":0,"parent":0,"menu_order":0,"comment_status":"closed","ping_status":"closed","template":"","meta":{"footnotes":""},"class_list":["post-8","page","type-page","status-publish","hentry"],"yoast_head":"<!-- This site is optimized with the Yoast SEO plugin v27.3 - https:\/\/yoast.com\/product\/yoast-seo-wordpress\/ -->\n<title>Wat is Industrial Artificial Intelligence? - Industrial Artificial Intelligence<\/title>\n<meta name=\"robots\" content=\"index, follow, max-snippet:-1, max-image-preview:large, max-video-preview:-1\" \/>\n<link rel=\"canonical\" href=\"https:\/\/industrialai.nl\/index.php\/wat-is-industrial-artificial-intelligence\/\" \/>\n<meta property=\"og:locale\" content=\"nl_NL\" \/>\n<meta property=\"og:type\" content=\"article\" \/>\n<meta property=\"og:title\" content=\"Wat is Industrial Artificial Intelligence? - Industrial Artificial Intelligence\" \/>\n<meta property=\"og:description\" content=\"Industri\u00eble kunstmatige intelligentie, of industri\u00eble AI, verwijst naar de toepassing van kunstmatige intelligentie aan de productie industrie. Industri\u00eble artificial intelligence houdt zich bezig met het aanpakken van industri\u00eble pijnpunten voor ...\" \/>\n<meta property=\"og:url\" content=\"https:\/\/industrialai.nl\/index.php\/wat-is-industrial-artificial-intelligence\/\" \/>\n<meta property=\"og:site_name\" content=\"Industrial Artificial Intelligence\" \/>\n<meta property=\"article:modified_time\" content=\"2017-07-11T19:43:39+00:00\" \/>\n<meta name=\"twitter:card\" content=\"summary_large_image\" \/>\n<meta name=\"twitter:label1\" content=\"Geschatte leestijd\" \/>\n\t<meta name=\"twitter:data1\" content=\"1 minuut\" \/>\n<script type=\"application\/ld+json\" class=\"yoast-schema-graph\">{\"@context\":\"https:\\\/\\\/schema.org\",\"@graph\":[{\"@type\":\"WebPage\",\"@id\":\"https:\\\/\\\/industrialai.nl\\\/index.php\\\/wat-is-industrial-artificial-intelligence\\\/\",\"url\":\"https:\\\/\\\/industrialai.nl\\\/index.php\\\/wat-is-industrial-artificial-intelligence\\\/\",\"name\":\"Wat is Industrial Artificial Intelligence? - Industrial Artificial Intelligence\",\"isPartOf\":{\"@id\":\"https:\\\/\\\/industrialai.nl\\\/#website\"},\"datePublished\":\"2017-07-11T18:56:35+00:00\",\"dateModified\":\"2017-07-11T19:43:39+00:00\",\"breadcrumb\":{\"@id\":\"https:\\\/\\\/industrialai.nl\\\/index.php\\\/wat-is-industrial-artificial-intelligence\\\/#breadcrumb\"},\"inLanguage\":\"nl-NL\",\"potentialAction\":[{\"@type\":\"ReadAction\",\"target\":[\"https:\\\/\\\/industrialai.nl\\\/index.php\\\/wat-is-industrial-artificial-intelligence\\\/\"]}]},{\"@type\":\"BreadcrumbList\",\"@id\":\"https:\\\/\\\/industrialai.nl\\\/index.php\\\/wat-is-industrial-artificial-intelligence\\\/#breadcrumb\",\"itemListElement\":[{\"@type\":\"ListItem\",\"position\":1,\"name\":\"Home\",\"item\":\"https:\\\/\\\/industrialai.nl\\\/\"},{\"@type\":\"ListItem\",\"position\":2,\"name\":\"Wat is Industrial Artificial Intelligence?\"}]},{\"@type\":\"WebSite\",\"@id\":\"https:\\\/\\\/industrialai.nl\\\/#website\",\"url\":\"https:\\\/\\\/industrialai.nl\\\/\",\"name\":\"Industrial Artificial Intelligence\",\"description\":\"\",\"publisher\":{\"@id\":\"https:\\\/\\\/industrialai.nl\\\/#organization\"},\"potentialAction\":[{\"@type\":\"SearchAction\",\"target\":{\"@type\":\"EntryPoint\",\"urlTemplate\":\"https:\\\/\\\/industrialai.nl\\\/?s={search_term_string}\"},\"query-input\":{\"@type\":\"PropertyValueSpecification\",\"valueRequired\":true,\"valueName\":\"search_term_string\"}}],\"inLanguage\":\"nl-NL\"},{\"@type\":\"Organization\",\"@id\":\"https:\\\/\\\/industrialai.nl\\\/#organization\",\"name\":\"Industrial Artificial Intelligence\",\"url\":\"https:\\\/\\\/industrialai.nl\\\/\",\"logo\":{\"@type\":\"ImageObject\",\"inLanguage\":\"nl-NL\",\"@id\":\"https:\\\/\\\/industrialai.nl\\\/#\\\/schema\\\/logo\\\/image\\\/\",\"url\":\"https:\\\/\\\/industrialai.nl\\\/wp-content\\\/uploads\\\/2017\\\/07\\\/IndustrialIT_transparant_text_small-h36.png\",\"contentUrl\":\"https:\\\/\\\/industrialai.nl\\\/wp-content\\\/uploads\\\/2017\\\/07\\\/IndustrialIT_transparant_text_small-h36.png\",\"width\":201,\"height\":36,\"caption\":\"Industrial Artificial Intelligence\"},\"image\":{\"@id\":\"https:\\\/\\\/industrialai.nl\\\/#\\\/schema\\\/logo\\\/image\\\/\"}}]}<\/script>\n<!-- \/ Yoast SEO plugin. -->","yoast_head_json":{"title":"Wat is Industrial Artificial Intelligence? - Industrial Artificial Intelligence","robots":{"index":"index","follow":"follow","max-snippet":"max-snippet:-1","max-image-preview":"max-image-preview:large","max-video-preview":"max-video-preview:-1"},"canonical":"https:\/\/industrialai.nl\/index.php\/wat-is-industrial-artificial-intelligence\/","og_locale":"nl_NL","og_type":"article","og_title":"Wat is Industrial Artificial Intelligence? - Industrial Artificial Intelligence","og_description":"Industri\u00eble kunstmatige intelligentie, of industri\u00eble AI, verwijst naar de toepassing van kunstmatige intelligentie aan de productie industrie. Industri\u00eble artificial intelligence houdt zich bezig met het aanpakken van industri\u00eble pijnpunten voor ...","og_url":"https:\/\/industrialai.nl\/index.php\/wat-is-industrial-artificial-intelligence\/","og_site_name":"Industrial Artificial Intelligence","article_modified_time":"2017-07-11T19:43:39+00:00","twitter_card":"summary_large_image","twitter_misc":{"Geschatte leestijd":"1 minuut"},"schema":{"@context":"https:\/\/schema.org","@graph":[{"@type":"WebPage","@id":"https:\/\/industrialai.nl\/index.php\/wat-is-industrial-artificial-intelligence\/","url":"https:\/\/industrialai.nl\/index.php\/wat-is-industrial-artificial-intelligence\/","name":"Wat is Industrial Artificial Intelligence? - Industrial Artificial Intelligence","isPartOf":{"@id":"https:\/\/industrialai.nl\/#website"},"datePublished":"2017-07-11T18:56:35+00:00","dateModified":"2017-07-11T19:43:39+00:00","breadcrumb":{"@id":"https:\/\/industrialai.nl\/index.php\/wat-is-industrial-artificial-intelligence\/#breadcrumb"},"inLanguage":"nl-NL","potentialAction":[{"@type":"ReadAction","target":["https:\/\/industrialai.nl\/index.php\/wat-is-industrial-artificial-intelligence\/"]}]},{"@type":"BreadcrumbList","@id":"https:\/\/industrialai.nl\/index.php\/wat-is-industrial-artificial-intelligence\/#breadcrumb","itemListElement":[{"@type":"ListItem","position":1,"name":"Home","item":"https:\/\/industrialai.nl\/"},{"@type":"ListItem","position":2,"name":"Wat is Industrial Artificial Intelligence?"}]},{"@type":"WebSite","@id":"https:\/\/industrialai.nl\/#website","url":"https:\/\/industrialai.nl\/","name":"Industrial Artificial Intelligence","description":"","publisher":{"@id":"https:\/\/industrialai.nl\/#organization"},"potentialAction":[{"@type":"SearchAction","target":{"@type":"EntryPoint","urlTemplate":"https:\/\/industrialai.nl\/?s={search_term_string}"},"query-input":{"@type":"PropertyValueSpecification","valueRequired":true,"valueName":"search_term_string"}}],"inLanguage":"nl-NL"},{"@type":"Organization","@id":"https:\/\/industrialai.nl\/#organization","name":"Industrial Artificial Intelligence","url":"https:\/\/industrialai.nl\/","logo":{"@type":"ImageObject","inLanguage":"nl-NL","@id":"https:\/\/industrialai.nl\/#\/schema\/logo\/image\/","url":"https:\/\/industrialai.nl\/wp-content\/uploads\/2017\/07\/IndustrialIT_transparant_text_small-h36.png","contentUrl":"https:\/\/industrialai.nl\/wp-content\/uploads\/2017\/07\/IndustrialIT_transparant_text_small-h36.png","width":201,"height":36,"caption":"Industrial Artificial Intelligence"},"image":{"@id":"https:\/\/industrialai.nl\/#\/schema\/logo\/image\/"}}]}},"_links":{"self":[{"href":"https:\/\/industrialai.nl\/index.php\/wp-json\/wp\/v2\/pages\/8","targetHints":{"allow":["GET"]}}],"collection":[{"href":"https:\/\/industrialai.nl\/index.php\/wp-json\/wp\/v2\/pages"}],"about":[{"href":"https:\/\/industrialai.nl\/index.php\/wp-json\/wp\/v2\/types\/page"}],"author":[{"embeddable":true,"href":"https:\/\/industrialai.nl\/index.php\/wp-json\/wp\/v2\/users\/1"}],"replies":[{"embeddable":true,"href":"https:\/\/industrialai.nl\/index.php\/wp-json\/wp\/v2\/comments?post=8"}],"version-history":[{"count":6,"href":"https:\/\/industrialai.nl\/index.php\/wp-json\/wp\/v2\/pages\/8\/revisions"}],"predecessor-version":[{"id":33,"href":"https:\/\/industrialai.nl\/index.php\/wp-json\/wp\/v2\/pages\/8\/revisions\/33"}],"wp:attachment":[{"href":"https:\/\/industrialai.nl\/index.php\/wp-json\/wp\/v2\/media?parent=8"}],"curies":[{"name":"wp","href":"https:\/\/api.w.org\/{rel}","templated":true}]}}